{"id":1291,"date":"2025-08-20T02:55:33","date_gmt":"2025-08-20T06:55:33","guid":{"rendered":"https:\/\/kotonavision.com\/solidworks-upgrade-3dex-offer\/"},"modified":"2026-02-18T08:48:55","modified_gmt":"2026-02-18T13:48:55","slug":"solidworks-upgrade-3dex-offer","status":"publish","type":"page","link":"https:\/\/kotonavision.com\/en\/solidworks-upgrade-3dex-offer\/","title":{"rendered":"SOLIDWORKS Upgrade &amp; 3DEX Offer"},"content":{"rendered":"\t\t<div data-elementor-type=\"wp-page\" data-elementor-id=\"1291\" class=\"elementor elementor-1291 elementor-976\" data-elementor-post-type=\"page\">\n\t\t\t\t<div class=\"elementor-element elementor-element-14c1325 e-flex e-con-boxed e-con e-parent\" data-id=\"14c1325\" data-element_type=\"container\" data-e-type=\"container\" data-settings=\"{&quot;background_background&quot;:&quot;classic&quot;,&quot;shape_divider_bottom&quot;:&quot;wave-flow&quot;}\">\n\t\t\t\t\t<div class=\"e-con-inner\">\n\t\t\t\t<div class=\"elementor-shape elementor-shape-bottom\" aria-hidden=\"true\" data-negative=\"false\">\n\t\t\t<svg xmlns=\"http:\/\/www.w3.org\/2000\/svg\" viewBox=\"0 0 4080 400\" preserveAspectRatio=\"none\">\r\n<path class=\"elementor-shape-fill\" opacity=\"0.2\" d=\"M4080,79.3V0L1179.4,0v79.3c0,0,694.9,437.4,1471.3,275.6\r\n\tS3575.7-152.5,4080,79.3z\"\/>\r\n<path class=\"elementor-shape-fill\" opacity=\"0.2\" d=\"M2249,79.3V0L0,0l0,79.3c0,0,43.3,437.4,819.8,275.6S1744.7-152.5,2249,79.3z\"\/>\r\n<path class=\"elementor-shape-fill\" opacity=\"0.2\" d=\"M2631.6,49.8c0,0-596.3,547.3-1468.8,230.2S0,95.6,0,95.6L0,0l2631.6,0V49.8z\"\/>\r\n<path class=\"elementor-shape-fill\" opacity=\"0.2\" d=\"M4080,95.6c0,0-428.4,501.5-1208.9,184.4S1831,95.6,1831,95.6V0l2249,0V95.6z\"\/>\r\n<path class=\"elementor-shape-fill\" d=\"M4080,0v192.6c-392.4,177-703.2,95.6-1075-34.1c-214.6-74.8-508-126-839.1,6.1c-149.2,59.5-447.2,203.4-1026.2,10.8\r\n\tC313.2-99.5,0,95.6,0,95.6L0,0l2249,0L4080,0z\"\/>\r\n<\/svg>\r\n\t\t<\/div>\n\t\t\t\t<div class=\"elementor-element elementor-element-9afc9b0 elementor-widget__width-initial elementor-widget-tablet_extra__width-inherit elementor-widget elementor-widget-heading\" data-id=\"9afc9b0\" data-element_type=\"widget\" data-e-type=\"widget\" data-widget_type=\"heading.default\">\n\t\t\t\t<div class=\"elementor-widget-container\">\n\t\t\t\t\t<h2 class=\"elementor-heading-title elementor-size-default\">SolidWorks Refresher Course <span class=\"color-primary\">&amp; 3DEX Offer<\/span><\/h2>\t\t\t\t<\/div>\n\t\t\t\t<\/div>\n\t\t<div class=\"elementor-element elementor-element-e2bbaad e-con-full e-flex e-con e-child\" data-id=\"e2bbaad\" data-element_type=\"container\" data-e-type=\"container\">\n\t\t\t\t<div class=\"elementor-element elementor-element-d9a5914 elementor-widget elementor-widget-image\" data-id=\"d9a5914\" data-element_type=\"widget\" data-e-type=\"widget\" data-widget_type=\"image.default\">\n\t\t\t\t<div class=\"elementor-widget-container\">\n\t\t\t\t\t\t\t\t\t\t\t\t\t\t\t<img fetchpriority=\"high\" decoding=\"async\" width=\"301\" height=\"300\" src=\"https:\/\/kotonavision.com\/wp-content\/uploads\/2025\/06\/img-3d-experience.png\" class=\"attachment-full size-full wp-image-1268\" alt=\"3dexperience\" srcset=\"https:\/\/kotonavision.com\/wp-content\/uploads\/2025\/06\/img-3d-experience.png 301w, https:\/\/kotonavision.com\/wp-content\/uploads\/2025\/06\/img-3d-experience-150x150.png 150w\" sizes=\"(max-width: 301px) 100vw, 301px\" \/>\t\t\t\t\t\t\t\t\t\t\t\t\t\t\t<\/div>\n\t\t\t\t<\/div>\n\t\t\t\t<div class=\"elementor-element elementor-element-56b7c4d elementor-widget elementor-widget-image\" data-id=\"56b7c4d\" data-element_type=\"widget\" data-e-type=\"widget\" data-widget_type=\"image.default\">\n\t\t\t\t<div class=\"elementor-widget-container\">\n\t\t\t\t\t\t\t\t\t\t\t\t\t\t\t<img decoding=\"async\" width=\"303\" height=\"300\" src=\"https:\/\/kotonavision.com\/wp-content\/uploads\/2025\/06\/img-solidworks.png\" class=\"attachment-full size-full wp-image-1269\" alt=\"sw\" srcset=\"https:\/\/kotonavision.com\/wp-content\/uploads\/2025\/06\/img-solidworks.png 303w, https:\/\/kotonavision.com\/wp-content\/uploads\/2025\/06\/img-solidworks-300x297.png 300w, https:\/\/kotonavision.com\/wp-content\/uploads\/2025\/06\/img-solidworks-150x150.png 150w\" sizes=\"(max-width: 303px) 100vw, 303px\" \/>\t\t\t\t\t\t\t\t\t\t\t\t\t\t\t<\/div>\n\t\t\t\t<\/div>\n\t\t\t\t<\/div>\n\t\t\t\t\t<\/div>\n\t\t\t\t<\/div>\n\t\t<div class=\"elementor-element elementor-element-ed43d38 e-flex e-con-boxed e-con e-parent\" data-id=\"ed43d38\" data-element_type=\"container\" data-e-type=\"container\">\n\t\t\t\t\t<div class=\"e-con-inner\">\n\t\t\t\t<div class=\"elementor-element elementor-element-9569fe0 elementor-widget elementor-widget-shortcode\" data-id=\"9569fe0\" data-element_type=\"widget\" data-e-type=\"widget\" data-widget_type=\"shortcode.default\">\n\t\t\t\t<div class=\"elementor-widget-container\">\n\t\t\t\t\t\t\t<div class=\"elementor-shortcode\">        <div id=\"swmc-app\" class=\"swmc is-waiting\">\n            <h3 class=\"swmc-title\"><\/h3>\n\n            <div class=\"swmc-lines\" id=\"swmc-lines\"><\/div>\n\n            <div class=\"swmc-actions\">\n                <button type=\"button\" id=\"swmc-add-line\" class=\"swmc-btn\">Ajouter une licence<\/button>\n            <\/div>\n\n            <section class=\"swmc-results\" id=\"swmc-results\" aria-live=\"polite\"><\/section>\n\n            <aside class=\"swmc-notes\">\n                <h4>Compris dans 3DEX :<\/h4>\n                <ul>\n                                            <li>SOLIDWORKS (Standard, Pro ou Premium)<\/li>\n                                            <li>3D EXPERIENCE (stockage, \u00e9changes de fichiers)<\/li>\n                                            <li>Voute PDM Cloud<\/li>\n                                    <\/ul>\n                <p class=\"swmc-disclaimer\">Montants indicatifs $CAD hors taxes. Arri\u00e9rages plafonn\u00e9s \u00e0 36 mois. Les tarifs sont configurables.<\/p>\n            <\/aside>\n\n            <div class=\"swmc-cta\">\n                <a class=\"swmc-cta-btn\" href=\"https:\/\/kotonavision.com\/nous-contacter\/\">\n                    Int\u00e9ressez ? Contactez-nous d\u00e8s \u00e0 pr\u00e9sent !                <\/a>\n            <\/div>\n        <\/div>\n\n        <template id=\"swmc-row-template\">\n            <div class=\"swmc-line\">\n                <div class=\"swmc-field\">\n                    <label>Type de licence<\/label>\n                    <select class=\"swmc-type\" required>\n                        <option value=\"\" disabled selected>Type de licence<\/option>\n                        <option value=\"standard\">Standard<\/option>\n                        <option value=\"professional\">Professional<\/option>\n                        <option value=\"premium\">Premium<\/option>\n                    <\/select>\n                <\/div>\n\n                <div class=\"swmc-field\">\n                    <label>Mois d\u2019arr\u00eat de la maintenance<\/label>\n                    <input class=\"swmc-month\" type=\"month\" required \/>\n                <\/div>\n\n                <button type=\"button\" class=\"swmc-remove swmc-btn--ghost\">Supprimer<\/button>\n            <\/div>\n        <\/template>\n        <\/div>\n\t\t\t\t\t\t<\/div>\n\t\t\t\t<\/div>\n\t\t\t\t\t<\/div>\n\t\t\t\t<\/div>\n\t\t\t\t<\/div>\n\t\t","protected":false},"excerpt":{"rendered":"<p>SolidWorks Refresher Course &amp; 3DEX Offer<\/p>\n","protected":false},"author":1,"featured_media":0,"parent":0,"menu_order":0,"comment_status":"closed","ping_status":"closed","template":"","meta":{"_seopress_robots_primary_cat":"","_seopress_titles_title":"SOLIDWORKS License Update Calculator \u2013 Save with Kotona Vision","_seopress_titles_desc":"Calculate the cost of updating your SOLIDWORKS license in just a few clicks. Discover the exclusive Kotona Vision offer: no back fees and 50% savings over 3 years with 3DEXPERIENCE SOLIDWORKS.","_seopress_robots_index":"","footnotes":""},"class_list":["post-1291","page","type-page","status-publish","hentry"],"_links":{"self":[{"href":"https:\/\/kotonavision.com\/en\/wp-json\/wp\/v2\/pages\/1291","targetHints":{"allow":["GET"]}}],"collection":[{"href":"https:\/\/kotonavision.com\/en\/wp-json\/wp\/v2\/pages"}],"about":[{"href":"https:\/\/kotonavision.com\/en\/wp-json\/wp\/v2\/types\/page"}],"author":[{"embeddable":true,"href":"https:\/\/kotonavision.com\/en\/wp-json\/wp\/v2\/users\/1"}],"replies":[{"embeddable":true,"href":"https:\/\/kotonavision.com\/en\/wp-json\/wp\/v2\/comments?post=1291"}],"version-history":[{"count":0,"href":"https:\/\/kotonavision.com\/en\/wp-json\/wp\/v2\/pages\/1291\/revisions"}],"wp:attachment":[{"href":"https:\/\/kotonavision.com\/en\/wp-json\/wp\/v2\/media?parent=1291"}],"curies":[{"name":"wp","href":"https:\/\/api.w.org\/{rel}","templated":true}]}}